{"id":15,"date":"2024-11-21T10:39:19","date_gmt":"2024-11-21T09:39:19","guid":{"rendered":"https:\/\/movilidad.lucentia.es\/?page_id=15"},"modified":"2026-01-21T12:54:50","modified_gmt":"2026-01-21T12:54:50","slug":"publicaciones","status":"publish","type":"page","link":"https:\/\/mobility.1millionbot.com\/?page_id=15","title":{"rendered":"Publicaciones"},"content":{"rendered":"\t\t<div data-elementor-type=\"wp-page\" data-elementor-id=\"15\" class=\"elementor elementor-15\">\n\t\t\t\t<div class=\"elementor-element elementor-element-162cd153 e-flex e-con-boxed e-con e-parent\" data-id=\"162cd153\" data-element_type=\"container\" data-e-type=\"container\">\n\t\t\t\t\t<div class=\"e-con-inner\">\n\t\t<div class=\"elementor-element elementor-element-3a7b658f e-con-full e-flex e-con e-child\" data-id=\"3a7b658f\" data-element_type=\"container\" data-e-type=\"container\">\n\t\t\t\t<div class=\"elementor-element elementor-element-64fa3879 elementor-widget elementor-widget-image\" data-id=\"64fa3879\" data-element_type=\"widget\" data-e-type=\"widget\" data-widget_type=\"image.default\">\n\t\t\t\t\t\t\t\t\t\t\t\t\t\t\t<img decoding=\"async\" src=\"https:\/\/mobility.1millionbot.com\/wp-content\/uploads\/elementor\/thumbs\/Logo-PRTR-dos-lineas_COLOR-e1733160683985-rdvziiixe8ms1jl42eqh1u9ru0lxy03nreid9gxiio.png\" title=\"Logo PRTR dos l\u00edneas_COLOR\" alt=\"Logo PRTR dos l\u00edneas_COLOR\" loading=\"lazy\" \/>\t\t\t\t\t\t\t\t\t\t\t\t\t\t\t<\/div>\n\t\t\t\t<\/div>\n\t\t<div class=\"elementor-element elementor-element-710b2f3d e-con-full e-flex e-con e-child\" data-id=\"710b2f3d\" data-element_type=\"container\" data-e-type=\"container\">\n\t\t\t\t<div class=\"elementor-element elementor-element-64c6e54b elementor-widget elementor-widget-text-editor\" data-id=\"64c6e54b\" data-element_type=\"widget\" data-e-type=\"widget\" data-widget_type=\"text-editor.default\">\n\t\t\t\t\t\t\t\t\t<pre>Financiado por la Uni\u00f3n Europea<br \/>NextGenerationEU<\/pre>\t\t\t\t\t\t\t\t<\/div>\n\t\t\t\t<\/div>\n\t\t<div class=\"elementor-element elementor-element-6afbcb99 e-con-full e-flex e-con e-child\" data-id=\"6afbcb99\" data-element_type=\"container\" data-e-type=\"container\">\n\t\t\t\t<div class=\"elementor-element elementor-element-3aeac820 elementor-widget elementor-widget-image\" data-id=\"3aeac820\" data-element_type=\"widget\" data-e-type=\"widget\" data-widget_type=\"image.default\">\n\t\t\t\t\t\t\t\t\t\t\t\t\t\t\t<img fetchpriority=\"high\" decoding=\"async\" width=\"1024\" height=\"228\" src=\"https:\/\/mobility.1millionbot.com\/wp-content\/uploads\/2024\/12\/EN_FundedbytheEU_RGB_POS-1024x228.png\" class=\"attachment-large size-large wp-image-162\" alt=\"\" srcset=\"https:\/\/mobility.1millionbot.com\/wp-content\/uploads\/2024\/12\/EN_FundedbytheEU_RGB_POS-1024x228.png 1024w, https:\/\/mobility.1millionbot.com\/wp-content\/uploads\/2024\/12\/EN_FundedbytheEU_RGB_POS-300x67.png 300w, https:\/\/mobility.1millionbot.com\/wp-content\/uploads\/2024\/12\/EN_FundedbytheEU_RGB_POS-768x171.png 768w, https:\/\/mobility.1millionbot.com\/wp-content\/uploads\/2024\/12\/EN_FundedbytheEU_RGB_POS-1536x342.png 1536w, https:\/\/mobility.1millionbot.com\/wp-content\/uploads\/2024\/12\/EN_FundedbytheEU_RGB_POS-2048x456.png 2048w\" sizes=\"(max-width: 1024px) 100vw, 1024px\" \/>\t\t\t\t\t\t\t\t\t\t\t\t\t\t\t<\/div>\n\t\t\t\t<\/div>\n\t\t\t\t\t<\/div>\n\t\t\t\t<\/div>\n\t\t<div class=\"elementor-element elementor-element-58d78646 e-flex e-con-boxed e-con e-parent\" data-id=\"58d78646\" data-element_type=\"container\" data-e-type=\"container\" data-settings=\"{&quot;background_background&quot;:&quot;classic&quot;}\">\n\t\t\t\t\t<div class=\"e-con-inner\">\n\t\t\t\t<div class=\"elementor-element elementor-element-1eafc817 elementor-widget elementor-widget-heading\" data-id=\"1eafc817\" data-element_type=\"widget\" data-e-type=\"widget\" data-widget_type=\"heading.default\">\n\t\t\t\t\t<h1 class=\"elementor-heading-title elementor-size-default\">Publicaciones cient\u00edficas<\/h1>\t\t\t\t<\/div>\n\t\t\t\t\t<\/div>\n\t\t\t\t<\/div>\n\t\t<div class=\"elementor-element elementor-element-3754aac e-flex e-con-boxed e-con e-parent\" data-id=\"3754aac\" data-element_type=\"container\" data-e-type=\"container\">\n\t\t\t\t\t<div class=\"e-con-inner\">\n\t\t<div class=\"elementor-element elementor-element-f0d72b2 e-grid e-con-full e-con e-child\" data-id=\"f0d72b2\" data-element_type=\"container\" data-e-type=\"container\">\n\t\t\t\t<\/div>\n\t\t\t\t\t<\/div>\n\t\t\t\t<\/div>\n\t\t<div class=\"elementor-element elementor-element-c5f646b e-flex e-con-boxed e-con e-parent\" data-id=\"c5f646b\" data-element_type=\"container\" data-e-type=\"container\">\n\t\t\t\t\t<div class=\"e-con-inner\">\n\t\t\t\t<div class=\"elementor-element elementor-element-a65f023 elementor-widget elementor-widget-image\" data-id=\"a65f023\" data-element_type=\"widget\" data-e-type=\"widget\" data-widget_type=\"image.default\">\n\t\t\t\t\t\t\t\t\t\t\t\t\t\t\t<img decoding=\"async\" width=\"686\" height=\"69\" src=\"https:\/\/mobility.1millionbot.com\/wp-content\/uploads\/2026\/01\/image.png\" class=\"attachment-large size-large wp-image-733\" alt=\"\" srcset=\"https:\/\/mobility.1millionbot.com\/wp-content\/uploads\/2026\/01\/image.png 686w, https:\/\/mobility.1millionbot.com\/wp-content\/uploads\/2026\/01\/image-300x30.png 300w\" sizes=\"(max-width: 686px) 100vw, 686px\" \/>\t\t\t\t\t\t\t\t\t\t\t\t\t\t\t<\/div>\n\t\t\t\t\t<\/div>\n\t\t\t\t<\/div>\n\t\t<div class=\"elementor-element elementor-element-17356267 e-flex e-con-boxed e-con e-parent\" data-id=\"17356267\" data-element_type=\"container\" data-e-type=\"container\" data-settings=\"{&quot;background_background&quot;:&quot;classic&quot;,&quot;shape_divider_top&quot;:&quot;curve&quot;}\">\n\t\t\t\t\t<div class=\"e-con-inner\">\n\t\t\t\t<div class=\"elementor-shape elementor-shape-top\" aria-hidden=\"true\" data-negative=\"false\">\n\t\t\t<svg xmlns=\"http:\/\/www.w3.org\/2000\/svg\" viewBox=\"0 0 1000 100\" preserveAspectRatio=\"none\">\n    <path class=\"elementor-shape-fill\" d=\"M1000,4.3V0H0v4.3C0.9,23.1,126.7,99.2,500,100S1000,22.7,1000,4.3z\"\/>\n<\/svg>\t\t<\/div>\n\t\t<div class=\"elementor-element elementor-element-1b218479 e-con-full e-flex e-con e-child\" data-id=\"1b218479\" data-element_type=\"container\" data-e-type=\"container\">\n\t\t\t\t<div class=\"elementor-element elementor-element-54b9c1cd elementor-widget__width-initial elementor-widget elementor-widget-image\" data-id=\"54b9c1cd\" data-element_type=\"widget\" data-e-type=\"widget\" data-widget_type=\"image.default\">\n\t\t\t\t\t\t\t\t\t\t\t\t\t\t\t<img decoding=\"async\" width=\"300\" height=\"91\" src=\"https:\/\/mobility.1millionbot.com\/wp-content\/uploads\/2026\/01\/1MB_logo_b-300x91.png\" class=\"attachment-medium size-medium wp-image-695\" alt=\"\" srcset=\"https:\/\/mobility.1millionbot.com\/wp-content\/uploads\/2026\/01\/1MB_logo_b-300x91.png 300w, https:\/\/mobility.1millionbot.com\/wp-content\/uploads\/2026\/01\/1MB_logo_b.png 655w\" sizes=\"(max-width: 300px) 100vw, 300px\" \/>\t\t\t\t\t\t\t\t\t\t\t\t\t\t\t<\/div>\n\t\t\t\t<\/div>\n\t\t<div class=\"elementor-element elementor-element-16fbda2 e-con-full e-flex e-con e-child\" data-id=\"16fbda2\" data-element_type=\"container\" data-e-type=\"container\">\n\t\t\t\t<div class=\"elementor-element elementor-element-e56b2ac elementor-widget elementor-widget-text-editor\" data-id=\"e56b2ac\" data-element_type=\"widget\" data-e-type=\"widget\" data-widget_type=\"text-editor.default\">\n\t\t\t\t\t\t\t\t\t<p><b>1MillionBot<\/b><\/p><p>En 1MillionBot, transformamos datos en conocimiento para potenciar la toma de decisiones estrat\u00e9gicas. Somos un equipo especializado en Inteligencia Artificial, Big Data y An\u00e1lisis Predictivo, comprometido en llevar a las empresas al siguiente nivel mediante soluciones tecnol\u00f3gicas avanzadas.<\/p>\t\t\t\t\t\t\t\t<\/div>\n\t\t\t\t<div class=\"elementor-element elementor-element-0f7e9db elementor-mobile-align-center elementor-widget elementor-widget-button\" data-id=\"0f7e9db\" data-element_type=\"widget\" data-e-type=\"widget\" data-widget_type=\"button.default\">\n\t\t\t\t\t\t\t\t\t\t<a class=\"elementor-button elementor-button-link elementor-size-sm\" href=\"https:\/\/1millionbot.com\/\">\n\t\t\t\t\t\t<span class=\"elementor-button-content-wrapper\">\n\t\t\t\t\t\t\t\t\t<span class=\"elementor-button-text\">\u00a1Visita nuestra p\u00e1gina web!<\/span>\n\t\t\t\t\t<\/span>\n\t\t\t\t\t<\/a>\n\t\t\t\t\t\t\t\t<\/div>\n\t\t\t\t<\/div>\n\t\t\t\t\t<\/div>\n\t\t\t\t<\/div>\n\t\t<div class=\"elementor-element elementor-element-e8a3c6d e-flex e-con-boxed e-con e-parent\" data-id=\"e8a3c6d\" data-element_type=\"container\" data-e-type=\"container\" data-settings=\"{&quot;background_background&quot;:&quot;classic&quot;}\">\n\t\t\t\t\t<div class=\"e-con-inner\">\n\t\t<div class=\"elementor-element elementor-element-a394449 e-con-full e-flex e-con e-child\" data-id=\"a394449\" data-element_type=\"container\" data-e-type=\"container\" data-settings=\"{&quot;background_background&quot;:&quot;classic&quot;}\">\n\t\t\t\t<div class=\"elementor-element elementor-element-817c579 elementor-widget elementor-widget-text-editor\" data-id=\"817c579\" data-element_type=\"widget\" data-e-type=\"widget\" data-widget_type=\"text-editor.default\">\n\t\t\t\t\t\t\t\t\t<p><strong>Contacta con nosotros<\/strong><\/p>\t\t\t\t\t\t\t\t<\/div>\n\t\t\t\t<div class=\"elementor-element elementor-element-fa3925b elementor-widget elementor-widget-text-editor\" data-id=\"fa3925b\" data-element_type=\"widget\" data-e-type=\"widget\" data-widget_type=\"text-editor.default\">\n\t\t\t\t\t\t\t\t\t<h5><span style=\"color: #9ade888;\"><strong>Ubicaci\u00f3n<\/strong><\/span><\/h5><p><strong>Av. Pintor Perez Gil, 16<\/strong><br \/><strong>03540 Alacant, Alicante<\/strong><\/p><h5><span style=\"color: #9ade888;\"><strong>Contacto<\/strong><\/span><\/h5><p><strong>+34 623 02 57 67<\/strong><br \/><strong>info@1millionbot.com<\/strong><\/p>\t\t\t\t\t\t\t\t<\/div>\n\t\t\t\t<div class=\"elementor-element elementor-element-1e80d2c elementor-align-center elementor-widget elementor-widget-button\" data-id=\"1e80d2c\" data-element_type=\"widget\" data-e-type=\"widget\" data-widget_type=\"button.default\">\n\t\t\t\t\t\t\t\t\t\t<a class=\"elementor-button elementor-button-link elementor-size-sm\" href=\"https:\/\/1millionbot.com\/contacto\/\">\n\t\t\t\t\t\t<span class=\"elementor-button-content-wrapper\">\n\t\t\t\t\t\t<span class=\"elementor-button-icon\">\n\t\t\t\t<svg aria-hidden=\"true\" class=\"e-font-icon-svg e-far-eye\" viewBox=\"0 0 576 512\" xmlns=\"http:\/\/www.w3.org\/2000\/svg\"><path d=\"M288 144a110.94 110.94 0 0 0-31.24 5 55.4 55.4 0 0 1 7.24 27 56 56 0 0 1-56 56 55.4 55.4 0 0 1-27-7.24A111.71 111.71 0 1 0 288 144zm284.52 97.4C518.29 135.59 410.93 64 288 64S57.68 135.64 3.48 241.41a32.35 32.35 0 0 0 0 29.19C57.71 376.41 165.07 448 288 448s230.32-71.64 284.52-177.41a32.35 32.35 0 0 0 0-29.19zM288 400c-98.65 0-189.09-55-237.93-144C98.91 167 189.34 112 288 112s189.09 55 237.93 144C477.1 345 386.66 400 288 400z\"><\/path><\/svg>\t\t\t<\/span>\n\t\t\t\t\t\t\t\t\t<span class=\"elementor-button-text\">1MillionBot<\/span>\n\t\t\t\t\t<\/span>\n\t\t\t\t\t<\/a>\n\t\t\t\t\t\t\t\t<\/div>\n\t\t\t\t<\/div>\n\t\t\t\t\t<\/div>\n\t\t\t\t<\/div>\n\t\t<div class=\"elementor-element elementor-element-757da5d5 e-con-full e-flex e-con e-parent\" data-id=\"757da5d5\" data-element_type=\"container\" data-e-type=\"container\">\n\t\t\t\t<div class=\"elementor-element elementor-element-b030d4f elementor-widget elementor-widget-html\" data-id=\"b030d4f\" data-element_type=\"widget\" data-e-type=\"widget\" data-widget_type=\"html.default\">\n\t\t\t\t\t<iframe src=\"https:\/\/www.google.com\/maps\/embed?pb=!1m18!1m12!1m3!1d3127.428570829036!2d-0.4340058227798299!3d38.38533867675323!2m3!1f0!2f0!3f0!3m2!1i1024!2i768!4f13.1!3m3!1m2!1s0xd6239baaf9c7ef3%3A0xf21c3682d83e77fb!2s1MillionBot%20%7C%20Inteligencia%20Artificial!5e0!3m2!1ses!2ses!4v1768410642655!5m2!1ses!2ses\" width=\"600\" height=\"450\" style=\"border:0;\" allowfullscreen=\"\" loading=\"lazy\" referrerpolicy=\"no-referrer-when-downgrade\"><\/iframe>\t\t\t\t<\/div>\n\t\t\t\t<\/div>\n\t\t\t\t<\/div>\n\t\t","protected":false},"excerpt":{"rendered":"<p>Financiado por la Uni\u00f3n EuropeaNextGenerationEU Publicaciones cient\u00edficas 1MillionBot En 1MillionBot, transformamos datos en conocimiento para potenciar la toma de decisiones [&hellip;]<\/p>\n","protected":false},"author":2,"featured_media":0,"parent":0,"menu_order":0,"comment_status":"closed","ping_status":"closed","template":"elementor_header_footer","meta":{"site-sidebar-layout":"default","site-content-layout":"","ast-site-content-layout":"default","site-content-style":"default","site-sidebar-style":"default","ast-global-header-display":"","ast-banner-title-visibility":"","ast-main-header-display":"","ast-hfb-above-header-display":"","ast-hfb-below-header-display":"","ast-hfb-mobile-header-display":"","site-post-title":"","ast-breadcrumbs-content":"","ast-featured-img":"","footer-sml-layout":"","ast-disable-related-posts":"","theme-transparent-header-meta":"","adv-header-id-meta":"","stick-header-meta":"","header-above-stick-meta":"","header-main-stick-meta":"","header-below-stick-meta":"","astra-migrate-meta-layouts":"default","ast-page-background-enabled":"default","ast-page-background-meta":{"desktop":{"background-color":"var(--ast-global-color-5)","background-image":"","background-repeat":"repeat","background-position":"center center","background-size":"auto","background-attachment":"scroll","background-type":"","background-media":"","overlay-type":"","overlay-color":"","overlay-opacity":"","overlay-gradient":""},"tablet":{"background-color":"","background-image":"","background-repeat":"repeat","background-position":"center center","background-size":"auto","background-attachment":"scroll","background-type":"","background-media":"","overlay-type":"","overlay-color":"","overlay-opacity":"","overlay-gradient":""},"mobile":{"background-color":"","background-image":"","background-repeat":"repeat","background-position":"center center","background-size":"auto","background-attachment":"scroll","background-type":"","background-media":"","overlay-type":"","overlay-color":"","overlay-opacity":"","overlay-gradient":""}},"ast-content-background-meta":{"desktop":{"background-color":"var(--ast-global-color-4)","background-image":"","background-repeat":"repeat","background-position":"center center","background-size":"auto","background-attachment":"scroll","background-type":"","background-media":"","overlay-type":"","overlay-color":"","overlay-opacity":"","overlay-gradient":""},"tablet":{"background-color":"var(--ast-global-color-4)","background-image":"","background-repeat":"repeat","background-position":"center center","background-size":"auto","background-attachment":"scroll","background-type":"","background-media":"","overlay-type":"","overlay-color":"","overlay-opacity":"","overlay-gradient":""},"mobile":{"background-color":"var(--ast-global-color-4)","background-image":"","background-repeat":"repeat","background-position":"center center","background-size":"auto","background-attachment":"scroll","background-type":"","background-media":"","overlay-type":"","overlay-color":"","overlay-opacity":"","overlay-gradient":""}},"footnotes":""},"class_list":["post-15","page","type-page","status-publish","hentry"],"_links":{"self":[{"href":"https:\/\/mobility.1millionbot.com\/index.php?rest_route=\/wp\/v2\/pages\/15","targetHints":{"allow":["GET"]}}],"collection":[{"href":"https:\/\/mobility.1millionbot.com\/index.php?rest_route=\/wp\/v2\/pages"}],"about":[{"href":"https:\/\/mobility.1millionbot.com\/index.php?rest_route=\/wp\/v2\/types\/page"}],"author":[{"embeddable":true,"href":"https:\/\/mobility.1millionbot.com\/index.php?rest_route=\/wp\/v2\/users\/2"}],"replies":[{"embeddable":true,"href":"https:\/\/mobility.1millionbot.com\/index.php?rest_route=%2Fwp%2Fv2%2Fcomments&post=15"}],"version-history":[{"count":24,"href":"https:\/\/mobility.1millionbot.com\/index.php?rest_route=\/wp\/v2\/pages\/15\/revisions"}],"predecessor-version":[{"id":748,"href":"https:\/\/mobility.1millionbot.com\/index.php?rest_route=\/wp\/v2\/pages\/15\/revisions\/748"}],"wp:attachment":[{"href":"https:\/\/mobility.1millionbot.com\/index.php?rest_route=%2Fwp%2Fv2%2Fmedia&parent=15"}],"curies":[{"name":"wp","href":"https:\/\/api.w.org\/{rel}","templated":true}]}}