{"id":13,"date":"2024-11-21T10:38:59","date_gmt":"2024-11-21T09:38:59","guid":{"rendered":"https:\/\/movilidad.lucentia.es\/?page_id=13"},"modified":"2026-01-21T12:54:29","modified_gmt":"2026-01-21T12:54:29","slug":"paquetes-de-trabajo","status":"publish","type":"page","link":"https:\/\/mobility.1millionbot.com\/?page_id=13","title":{"rendered":"Paquetes de trabajo"},"content":{"rendered":"\t\t<div data-elementor-type=\"wp-page\" data-elementor-id=\"13\" class=\"elementor elementor-13\">\n\t\t\t\t<div class=\"elementor-element elementor-element-378a54b4 e-flex e-con-boxed e-con e-parent\" data-id=\"378a54b4\" data-element_type=\"container\" data-e-type=\"container\">\n\t\t\t\t\t<div class=\"e-con-inner\">\n\t\t<div class=\"elementor-element elementor-element-3a4ef689 e-con-full e-flex e-con e-child\" data-id=\"3a4ef689\" data-element_type=\"container\" data-e-type=\"container\">\n\t\t\t\t<div class=\"elementor-element elementor-element-7b73252d elementor-widget elementor-widget-image\" data-id=\"7b73252d\" data-element_type=\"widget\" data-e-type=\"widget\" data-widget_type=\"image.default\">\n\t\t\t\t\t\t\t\t\t\t\t\t\t\t\t<img decoding=\"async\" src=\"https:\/\/mobility.1millionbot.com\/wp-content\/uploads\/elementor\/thumbs\/Logo-PRTR-dos-lineas_COLOR-e1733160683985-rdvziiixe8ms1jl42eqh1u9ru0lxy03nreid9gxiio.png\" title=\"Logo PRTR dos l\u00edneas_COLOR\" alt=\"Logo PRTR dos l\u00edneas_COLOR\" loading=\"lazy\" \/>\t\t\t\t\t\t\t\t\t\t\t\t\t\t\t<\/div>\n\t\t\t\t<\/div>\n\t\t<div class=\"elementor-element elementor-element-218bd856 e-con-full e-flex e-con e-child\" data-id=\"218bd856\" data-element_type=\"container\" data-e-type=\"container\">\n\t\t\t\t<div class=\"elementor-element elementor-element-7aac6b6f elementor-widget elementor-widget-text-editor\" data-id=\"7aac6b6f\" data-element_type=\"widget\" data-e-type=\"widget\" data-widget_type=\"text-editor.default\">\n\t\t\t\t\t\t\t\t\t<pre>Financiado por la Uni\u00f3n Europea<br \/>NextGenerationEU<\/pre>\t\t\t\t\t\t\t\t<\/div>\n\t\t\t\t<\/div>\n\t\t<div class=\"elementor-element elementor-element-7584ce77 e-con-full e-flex e-con e-child\" data-id=\"7584ce77\" data-element_type=\"container\" data-e-type=\"container\">\n\t\t\t\t<div class=\"elementor-element elementor-element-3d5afde8 elementor-widget elementor-widget-image\" data-id=\"3d5afde8\" data-element_type=\"widget\" data-e-type=\"widget\" data-widget_type=\"image.default\">\n\t\t\t\t\t\t\t\t\t\t\t\t\t\t\t<img fetchpriority=\"high\" decoding=\"async\" width=\"1024\" height=\"228\" src=\"https:\/\/mobility.1millionbot.com\/wp-content\/uploads\/2024\/12\/EN_FundedbytheEU_RGB_POS-1024x228.png\" class=\"attachment-large size-large wp-image-162\" alt=\"\" srcset=\"https:\/\/mobility.1millionbot.com\/wp-content\/uploads\/2024\/12\/EN_FundedbytheEU_RGB_POS-1024x228.png 1024w, https:\/\/mobility.1millionbot.com\/wp-content\/uploads\/2024\/12\/EN_FundedbytheEU_RGB_POS-300x67.png 300w, https:\/\/mobility.1millionbot.com\/wp-content\/uploads\/2024\/12\/EN_FundedbytheEU_RGB_POS-768x171.png 768w, https:\/\/mobility.1millionbot.com\/wp-content\/uploads\/2024\/12\/EN_FundedbytheEU_RGB_POS-1536x342.png 1536w, https:\/\/mobility.1millionbot.com\/wp-content\/uploads\/2024\/12\/EN_FundedbytheEU_RGB_POS-2048x456.png 2048w\" sizes=\"(max-width: 1024px) 100vw, 1024px\" \/>\t\t\t\t\t\t\t\t\t\t\t\t\t\t\t<\/div>\n\t\t\t\t<\/div>\n\t\t\t\t\t<\/div>\n\t\t\t\t<\/div>\n\t\t<div class=\"elementor-element elementor-element-87cb3b0 e-flex e-con-boxed e-con e-parent\" data-id=\"87cb3b0\" data-element_type=\"container\" data-e-type=\"container\" data-settings=\"{&quot;background_background&quot;:&quot;classic&quot;}\">\n\t\t\t\t\t<div class=\"e-con-inner\">\n\t\t\t\t<div class=\"elementor-element elementor-element-7897526b elementor-widget elementor-widget-heading\" data-id=\"7897526b\" data-element_type=\"widget\" data-e-type=\"widget\" data-widget_type=\"heading.default\">\n\t\t\t\t\t<h1 class=\"elementor-heading-title elementor-size-default\">Paquetes de trabajo<\/h1>\t\t\t\t<\/div>\n\t\t\t\t\t<\/div>\n\t\t\t\t<\/div>\n\t\t<div class=\"elementor-element elementor-element-940a319 e-flex e-con-boxed e-con e-parent\" data-id=\"940a319\" data-element_type=\"container\" data-e-type=\"container\">\n\t\t\t\t\t<div class=\"e-con-inner\">\n\t\t<div class=\"elementor-element elementor-element-61c5818 e-con-full e-flex e-con e-child\" data-id=\"61c5818\" data-element_type=\"container\" data-e-type=\"container\">\n\t\t\t\t<div class=\"elementor-element elementor-element-9addcea elementor-widget elementor-widget-text-editor\" data-id=\"9addcea\" data-element_type=\"widget\" data-e-type=\"widget\" data-widget_type=\"text-editor.default\">\n\t\t\t\t\t\t\t\t\t<p>El proyecto est\u00e1 dividido en cuatro paquetes de trabajo, cada uno de los cuales se refiere a un conjunto de objetivos principales que deben conseguirse finalmente para la realizaci\u00f3n del proyecto. La consecuci\u00f3n de los objetivos de cada paquete de trabajo est\u00e1 garantizada por la definici\u00f3n de las tareas correspondientes que se llevar\u00e1n a cabo para cada uno de los paquetes de trabajo.<\/p>\t\t\t\t\t\t\t\t<\/div>\n\t\t\t\t<\/div>\n\t\t\t\t\t<\/div>\n\t\t\t\t<\/div>\n\t\t<div class=\"elementor-element elementor-element-b7b2c7d e-flex e-con-boxed e-con e-parent\" data-id=\"b7b2c7d\" data-element_type=\"container\" data-e-type=\"container\" data-settings=\"{&quot;background_background&quot;:&quot;classic&quot;}\">\n\t\t\t\t\t<div class=\"e-con-inner\">\n\t\t<div class=\"elementor-element elementor-element-906d3e8 e-con-full e-flex e-con e-child\" data-id=\"906d3e8\" data-element_type=\"container\" data-e-type=\"container\">\n\t\t\t\t<div class=\"elementor-element elementor-element-386d4f3 elementor-widget elementor-widget-text-editor\" data-id=\"386d4f3\" data-element_type=\"widget\" data-e-type=\"widget\" data-widget_type=\"text-editor.default\">\n\t\t\t\t\t\t\t\t\t<p><span style=\"font-weight: 400; color: #2f8a50;\">PT1<\/span><\/p><h3><strong>Inicio del proyecto<\/strong><\/h3><ul><li style=\"font-weight: 400;\" aria-level=\"1\"><span style=\"font-weight: 400;\">Creaci\u00f3n de la web del proyecto<\/span><\/li><li style=\"font-weight: 400;\" aria-level=\"1\"><span style=\"font-weight: 400;\">Adquisici\u00f3n y configuraci\u00f3n de servidor y equipos<\/span><\/li><\/ul>\t\t\t\t\t\t\t\t<\/div>\n\t\t\t\t<\/div>\n\t\t<div class=\"elementor-element elementor-element-630d72b e-con-full e-flex e-con e-child\" data-id=\"630d72b\" data-element_type=\"container\" data-e-type=\"container\">\n\t\t\t\t<div class=\"elementor-element elementor-element-8ee3997 elementor-widget elementor-widget-text-editor\" data-id=\"8ee3997\" data-element_type=\"widget\" data-e-type=\"widget\" data-widget_type=\"text-editor.default\">\n\t\t\t\t\t\t\t\t\t<span style=\"font-weight: 400; color: #2F8A50;\">PT2<\/span>\n<h3><strong>Integraci\u00f3n con la plataforma Gaia-X<\/strong><\/h3>\n<ul>\n \t<li style=\"font-weight: 400;\" aria-level=\"1\"><span style=\"font-weight: 400;\">Integraci\u00f3n y transformaci\u00f3n de datos<\/span><\/li>\n \t<li style=\"font-weight: 400;\" aria-level=\"1\"><span style=\"font-weight: 400;\">Enriquecimiento de datos<\/span><\/li>\n \t<li style=\"font-weight: 400;\" aria-level=\"1\"><span style=\"font-weight: 400;\">Conexi\u00f3n con Mobility Data Space<\/span><\/li>\n \t<li style=\"font-weight: 400;\" aria-level=\"1\"><span style=\"font-weight: 400;\">Integraci\u00f3n con Gaia-X<\/span><\/li>\n<\/ul>\t\t\t\t\t\t\t\t<\/div>\n\t\t\t\t<\/div>\n\t\t<div class=\"elementor-element elementor-element-8294e75 e-con-full e-flex e-con e-child\" data-id=\"8294e75\" data-element_type=\"container\" data-e-type=\"container\">\n\t\t\t\t<div class=\"elementor-element elementor-element-983b758 elementor-widget elementor-widget-text-editor\" data-id=\"983b758\" data-element_type=\"widget\" data-e-type=\"widget\" data-widget_type=\"text-editor.default\">\n\t\t\t\t\t\t\t\t\t<span style=\"color: #2F8A50;\">PT3<\/span>\n<h3><strong>Reutilizaci\u00f3n<\/strong><\/h3>\n<ul>\n \t<li style=\"font-weight: 400;\" aria-level=\"1\"><span style=\"font-weight: 400;\">Implementaci\u00f3n de servicios y cuadros de mando<\/span><\/li>\n \t<li style=\"font-weight: 400;\" aria-level=\"1\"><span style=\"font-weight: 400;\">Implementaci\u00f3n y publicaci\u00f3n en plataformas de ejemplos de reutilizaci\u00f3n con c\u00f3digo reproducible<\/span><\/li>\n \t<li style=\"font-weight: 400;\" aria-level=\"1\"><span style=\"font-weight: 400;\">Buenas pr\u00e1cticas para la reutilizaci\u00f3n de datos en espacios de datos<\/span><\/li>\n<\/ul>\t\t\t\t\t\t\t\t<\/div>\n\t\t\t\t<\/div>\n\t\t<div class=\"elementor-element elementor-element-a8aad79 e-con-full e-flex e-con e-child\" data-id=\"a8aad79\" data-element_type=\"container\" data-e-type=\"container\">\n\t\t\t\t<div class=\"elementor-element elementor-element-d3f060a elementor-widget elementor-widget-text-editor\" data-id=\"d3f060a\" data-element_type=\"widget\" data-e-type=\"widget\" data-widget_type=\"text-editor.default\">\n\t\t\t\t\t\t\t\t\t<span style=\"color: #2F8A50;\">PT4<\/span>\n<h3><strong>Coordinaci\u00f3n y difusi\u00f3n<\/strong><\/h3>\n<ul>\n \t<li style=\"font-weight: 400;\" aria-level=\"1\"><span style=\"font-weight: 400;\">Coordinaci\u00f3n del proyecto<\/span><\/li>\n \t<li style=\"font-weight: 400;\" aria-level=\"1\"><span style=\"font-weight: 400;\">Publicaciones en revistas de investigaci\u00f3n<\/span><\/li>\n \t<li style=\"font-weight: 400;\" aria-level=\"1\"><span style=\"font-weight: 400;\">Difusi\u00f3n en redes sociales, web y evento<\/span><\/li>\n<\/ul>\t\t\t\t\t\t\t\t<\/div>\n\t\t\t\t<\/div>\n\t\t\t\t\t<\/div>\n\t\t\t\t<\/div>\n\t\t<div class=\"elementor-element elementor-element-754eb4d e-flex e-con-boxed e-con e-parent\" data-id=\"754eb4d\" data-element_type=\"container\" data-e-type=\"container\">\n\t\t\t\t\t<div class=\"e-con-inner\">\n\t\t\t\t<div class=\"elementor-element elementor-element-372b88c elementor-widget elementor-widget-image\" data-id=\"372b88c\" data-element_type=\"widget\" data-e-type=\"widget\" data-widget_type=\"image.default\">\n\t\t\t\t\t\t\t\t\t\t\t\t\t\t\t<img decoding=\"async\" width=\"686\" height=\"69\" src=\"https:\/\/mobility.1millionbot.com\/wp-content\/uploads\/2026\/01\/image.png\" class=\"attachment-large size-large wp-image-733\" alt=\"\" srcset=\"https:\/\/mobility.1millionbot.com\/wp-content\/uploads\/2026\/01\/image.png 686w, https:\/\/mobility.1millionbot.com\/wp-content\/uploads\/2026\/01\/image-300x30.png 300w\" sizes=\"(max-width: 686px) 100vw, 686px\" \/>\t\t\t\t\t\t\t\t\t\t\t\t\t\t\t<\/div>\n\t\t\t\t\t<\/div>\n\t\t\t\t<\/div>\n\t\t<div class=\"elementor-element elementor-element-3b661fde e-flex e-con-boxed e-con e-parent\" data-id=\"3b661fde\" data-element_type=\"container\" data-e-type=\"container\" data-settings=\"{&quot;background_background&quot;:&quot;classic&quot;,&quot;shape_divider_top&quot;:&quot;curve&quot;}\">\n\t\t\t\t\t<div class=\"e-con-inner\">\n\t\t\t\t<div class=\"elementor-shape elementor-shape-top\" aria-hidden=\"true\" data-negative=\"false\">\n\t\t\t<svg xmlns=\"http:\/\/www.w3.org\/2000\/svg\" viewBox=\"0 0 1000 100\" preserveAspectRatio=\"none\">\n    <path class=\"elementor-shape-fill\" d=\"M1000,4.3V0H0v4.3C0.9,23.1,126.7,99.2,500,100S1000,22.7,1000,4.3z\"\/>\n<\/svg>\t\t<\/div>\n\t\t<div class=\"elementor-element elementor-element-57968a93 e-con-full e-flex e-con e-child\" data-id=\"57968a93\" data-element_type=\"container\" data-e-type=\"container\">\n\t\t\t\t<div class=\"elementor-element elementor-element-430b6387 elementor-widget__width-initial elementor-widget elementor-widget-image\" data-id=\"430b6387\" data-element_type=\"widget\" data-e-type=\"widget\" data-widget_type=\"image.default\">\n\t\t\t\t\t\t\t\t\t\t\t\t\t\t\t<img decoding=\"async\" width=\"300\" height=\"91\" src=\"https:\/\/mobility.1millionbot.com\/wp-content\/uploads\/2026\/01\/1MB_logo_b-300x91.png\" class=\"attachment-medium size-medium wp-image-695\" alt=\"\" srcset=\"https:\/\/mobility.1millionbot.com\/wp-content\/uploads\/2026\/01\/1MB_logo_b-300x91.png 300w, https:\/\/mobility.1millionbot.com\/wp-content\/uploads\/2026\/01\/1MB_logo_b.png 655w\" sizes=\"(max-width: 300px) 100vw, 300px\" \/>\t\t\t\t\t\t\t\t\t\t\t\t\t\t\t<\/div>\n\t\t\t\t<\/div>\n\t\t<div class=\"elementor-element elementor-element-6aa1f238 e-con-full e-flex e-con e-child\" data-id=\"6aa1f238\" data-element_type=\"container\" data-e-type=\"container\">\n\t\t\t\t<div class=\"elementor-element elementor-element-a49d95 elementor-widget elementor-widget-text-editor\" data-id=\"a49d95\" data-element_type=\"widget\" data-e-type=\"widget\" data-widget_type=\"text-editor.default\">\n\t\t\t\t\t\t\t\t\t<p><b>1MillionBot<\/b><\/p><p>En 1MillionBot, transformamos datos en conocimiento para potenciar la toma de decisiones estrat\u00e9gicas. Somos un equipo especializado en Inteligencia Artificial, Big Data y An\u00e1lisis Predictivo, comprometido en llevar a las empresas al siguiente nivel mediante soluciones tecnol\u00f3gicas avanzadas.<\/p>\t\t\t\t\t\t\t\t<\/div>\n\t\t\t\t<div class=\"elementor-element elementor-element-209386a4 elementor-mobile-align-center elementor-widget elementor-widget-button\" data-id=\"209386a4\" data-element_type=\"widget\" data-e-type=\"widget\" data-widget_type=\"button.default\">\n\t\t\t\t\t\t\t\t\t\t<a class=\"elementor-button elementor-button-link elementor-size-sm\" href=\"https:\/\/1millionbot.com\/\">\n\t\t\t\t\t\t<span class=\"elementor-button-content-wrapper\">\n\t\t\t\t\t\t\t\t\t<span class=\"elementor-button-text\">\u00a1Visita nuestra p\u00e1gina web!<\/span>\n\t\t\t\t\t<\/span>\n\t\t\t\t\t<\/a>\n\t\t\t\t\t\t\t\t<\/div>\n\t\t\t\t<\/div>\n\t\t\t\t\t<\/div>\n\t\t\t\t<\/div>\n\t\t<div class=\"elementor-element elementor-element-068e30e e-flex e-con-boxed e-con e-parent\" data-id=\"068e30e\" data-element_type=\"container\" data-e-type=\"container\" data-settings=\"{&quot;background_background&quot;:&quot;classic&quot;}\">\n\t\t\t\t\t<div class=\"e-con-inner\">\n\t\t<div class=\"elementor-element elementor-element-bcd03c4 e-con-full e-flex e-con e-child\" data-id=\"bcd03c4\" data-element_type=\"container\" data-e-type=\"container\" data-settings=\"{&quot;background_background&quot;:&quot;classic&quot;}\">\n\t\t\t\t<div class=\"elementor-element elementor-element-fe77e08 elementor-widget elementor-widget-text-editor\" data-id=\"fe77e08\" data-element_type=\"widget\" data-e-type=\"widget\" data-widget_type=\"text-editor.default\">\n\t\t\t\t\t\t\t\t\t<p><strong>Contacta con nosotros<\/strong><\/p>\t\t\t\t\t\t\t\t<\/div>\n\t\t\t\t<div class=\"elementor-element elementor-element-e7eed34 elementor-widget elementor-widget-text-editor\" data-id=\"e7eed34\" data-element_type=\"widget\" data-e-type=\"widget\" data-widget_type=\"text-editor.default\">\n\t\t\t\t\t\t\t\t\t<h5><span style=\"color: #9ade888;\"><strong>Ubicaci\u00f3n<\/strong><\/span><\/h5><p><strong>Av. Pintor Perez Gil, 16<\/strong><br \/><strong>03540 Alacant, Alicante<\/strong><\/p><h5><span style=\"color: #9ade888;\"><strong>Contacto<\/strong><\/span><\/h5><p><strong>+34 623 02 57 67<\/strong><br \/><strong>info@1millionbot.com<\/strong><\/p>\t\t\t\t\t\t\t\t<\/div>\n\t\t\t\t<div class=\"elementor-element elementor-element-a122777 elementor-align-center elementor-widget elementor-widget-button\" data-id=\"a122777\" data-element_type=\"widget\" data-e-type=\"widget\" data-widget_type=\"button.default\">\n\t\t\t\t\t\t\t\t\t\t<a class=\"elementor-button elementor-button-link elementor-size-sm\" href=\"https:\/\/1millionbot.com\/contacto\/\">\n\t\t\t\t\t\t<span class=\"elementor-button-content-wrapper\">\n\t\t\t\t\t\t<span class=\"elementor-button-icon\">\n\t\t\t\t<svg aria-hidden=\"true\" class=\"e-font-icon-svg e-far-eye\" viewBox=\"0 0 576 512\" xmlns=\"http:\/\/www.w3.org\/2000\/svg\"><path d=\"M288 144a110.94 110.94 0 0 0-31.24 5 55.4 55.4 0 0 1 7.24 27 56 56 0 0 1-56 56 55.4 55.4 0 0 1-27-7.24A111.71 111.71 0 1 0 288 144zm284.52 97.4C518.29 135.59 410.93 64 288 64S57.68 135.64 3.48 241.41a32.35 32.35 0 0 0 0 29.19C57.71 376.41 165.07 448 288 448s230.32-71.64 284.52-177.41a32.35 32.35 0 0 0 0-29.19zM288 400c-98.65 0-189.09-55-237.93-144C98.91 167 189.34 112 288 112s189.09 55 237.93 144C477.1 345 386.66 400 288 400z\"><\/path><\/svg>\t\t\t<\/span>\n\t\t\t\t\t\t\t\t\t<span class=\"elementor-button-text\">1MillionBot<\/span>\n\t\t\t\t\t<\/span>\n\t\t\t\t\t<\/a>\n\t\t\t\t\t\t\t\t<\/div>\n\t\t\t\t<\/div>\n\t\t\t\t\t<\/div>\n\t\t\t\t<\/div>\n\t\t<div class=\"elementor-element elementor-element-ccd6c6 e-con-full e-flex e-con e-parent\" data-id=\"ccd6c6\" data-element_type=\"container\" data-e-type=\"container\">\n\t\t\t\t<div class=\"elementor-element elementor-element-4c91fe65 elementor-widget elementor-widget-html\" data-id=\"4c91fe65\" data-element_type=\"widget\" data-e-type=\"widget\" data-widget_type=\"html.default\">\n\t\t\t\t\t<iframe src=\"https:\/\/www.google.com\/maps\/embed?pb=!1m18!1m12!1m3!1d3127.428570829036!2d-0.4340058227798299!3d38.38533867675323!2m3!1f0!2f0!3f0!3m2!1i1024!2i768!4f13.1!3m3!1m2!1s0xd6239baaf9c7ef3%3A0xf21c3682d83e77fb!2s1MillionBot%20%7C%20Inteligencia%20Artificial!5e0!3m2!1ses!2ses!4v1768410642655!5m2!1ses!2ses\" width=\"600\" height=\"450\" style=\"border:0;\" allowfullscreen=\"\" loading=\"lazy\" referrerpolicy=\"no-referrer-when-downgrade\"><\/iframe>\t\t\t\t<\/div>\n\t\t\t\t<\/div>\n\t\t\t\t<\/div>\n\t\t","protected":false},"excerpt":{"rendered":"<p>Financiado por la Uni\u00f3n EuropeaNextGenerationEU Paquetes de trabajo El proyecto est\u00e1 dividido en cuatro paquetes de trabajo, cada uno de [&hellip;]<\/p>\n","protected":false},"author":2,"featured_media":0,"parent":0,"menu_order":0,"comment_status":"closed","ping_status":"closed","template":"elementor_header_footer","meta":{"site-sidebar-layout":"default","site-content-layout":"","ast-site-content-layout":"default","site-content-style":"default","site-sidebar-style":"default","ast-global-header-display":"","ast-banner-title-visibility":"","ast-main-header-display":"","ast-hfb-above-header-display":"","ast-hfb-below-header-display":"","ast-hfb-mobile-header-display":"","site-post-title":"","ast-breadcrumbs-content":"","ast-featured-img":"","footer-sml-layout":"","ast-disable-related-posts":"","theme-transparent-header-meta":"","adv-header-id-meta":"","stick-header-meta":"","header-above-stick-meta":"","header-main-stick-meta":"","header-below-stick-meta":"","astra-migrate-meta-layouts":"default","ast-page-background-enabled":"default","ast-page-background-meta":{"desktop":{"background-color":"var(--ast-global-color-5)","background-image":"","background-repeat":"repeat","background-position":"center center","background-size":"auto","background-attachment":"scroll","background-type":"","background-media":"","overlay-type":"","overlay-color":"","overlay-opacity":"","overlay-gradient":""},"tablet":{"background-color":"","background-image":"","background-repeat":"repeat","background-position":"center center","background-size":"auto","background-attachment":"scroll","background-type":"","background-media":"","overlay-type":"","overlay-color":"","overlay-opacity":"","overlay-gradient":""},"mobile":{"background-color":"","background-image":"","background-repeat":"repeat","background-position":"center center","background-size":"auto","background-attachment":"scroll","background-type":"","background-media":"","overlay-type":"","overlay-color":"","overlay-opacity":"","overlay-gradient":""}},"ast-content-background-meta":{"desktop":{"background-color":"var(--ast-global-color-4)","background-image":"","background-repeat":"repeat","background-position":"center center","background-size":"auto","background-attachment":"scroll","background-type":"","background-media":"","overlay-type":"","overlay-color":"","overlay-opacity":"","overlay-gradient":""},"tablet":{"background-color":"var(--ast-global-color-4)","background-image":"","background-repeat":"repeat","background-position":"center center","background-size":"auto","background-attachment":"scroll","background-type":"","background-media":"","overlay-type":"","overlay-color":"","overlay-opacity":"","overlay-gradient":""},"mobile":{"background-color":"var(--ast-global-color-4)","background-image":"","background-repeat":"repeat","background-position":"center center","background-size":"auto","background-attachment":"scroll","background-type":"","background-media":"","overlay-type":"","overlay-color":"","overlay-opacity":"","overlay-gradient":""}},"footnotes":""},"class_list":["post-13","page","type-page","status-publish","hentry"],"_links":{"self":[{"href":"https:\/\/mobility.1millionbot.com\/index.php?rest_route=\/wp\/v2\/pages\/13","targetHints":{"allow":["GET"]}}],"collection":[{"href":"https:\/\/mobility.1millionbot.com\/index.php?rest_route=\/wp\/v2\/pages"}],"about":[{"href":"https:\/\/mobility.1millionbot.com\/index.php?rest_route=\/wp\/v2\/types\/page"}],"author":[{"embeddable":true,"href":"https:\/\/mobility.1millionbot.com\/index.php?rest_route=\/wp\/v2\/users\/2"}],"replies":[{"embeddable":true,"href":"https:\/\/mobility.1millionbot.com\/index.php?rest_route=%2Fwp%2Fv2%2Fcomments&post=13"}],"version-history":[{"count":33,"href":"https:\/\/mobility.1millionbot.com\/index.php?rest_route=\/wp\/v2\/pages\/13\/revisions"}],"predecessor-version":[{"id":745,"href":"https:\/\/mobility.1millionbot.com\/index.php?rest_route=\/wp\/v2\/pages\/13\/revisions\/745"}],"wp:attachment":[{"href":"https:\/\/mobility.1millionbot.com\/index.php?rest_route=%2Fwp%2Fv2%2Fmedia&parent=13"}],"curies":[{"name":"wp","href":"https:\/\/api.w.org\/{rel}","templated":true}]}}