{"id":11,"date":"2024-11-21T10:38:48","date_gmt":"2024-11-21T09:38:48","guid":{"rendered":"https:\/\/movilidad.lucentia.es\/?page_id=11"},"modified":"2026-01-21T12:54:15","modified_gmt":"2026-01-21T12:54:15","slug":"equipo","status":"publish","type":"page","link":"https:\/\/mobility.1millionbot.com\/?page_id=11","title":{"rendered":"Equipo"},"content":{"rendered":"\t\t<div data-elementor-type=\"wp-page\" data-elementor-id=\"11\" class=\"elementor elementor-11\">\n\t\t\t\t<div class=\"elementor-element elementor-element-4e485aa4 e-flex e-con-boxed e-con e-parent\" data-id=\"4e485aa4\" data-element_type=\"container\" data-e-type=\"container\">\n\t\t\t\t\t<div class=\"e-con-inner\">\n\t\t<div class=\"elementor-element elementor-element-149827fa e-con-full e-flex e-con e-child\" data-id=\"149827fa\" data-element_type=\"container\" data-e-type=\"container\">\n\t\t\t\t<div class=\"elementor-element elementor-element-579fb0fe elementor-widget elementor-widget-image\" data-id=\"579fb0fe\" data-element_type=\"widget\" data-e-type=\"widget\" data-widget_type=\"image.default\">\n\t\t\t\t\t\t\t\t\t\t\t\t\t\t\t<img decoding=\"async\" src=\"https:\/\/mobility.1millionbot.com\/wp-content\/uploads\/elementor\/thumbs\/Logo-PRTR-dos-lineas_COLOR-e1733160683985-rdvziiixe8ms1jl42eqh1u9ru0lxy03nreid9gxiio.png\" title=\"Logo PRTR dos l\u00edneas_COLOR\" alt=\"Logo PRTR dos l\u00edneas_COLOR\" loading=\"lazy\" \/>\t\t\t\t\t\t\t\t\t\t\t\t\t\t\t<\/div>\n\t\t\t\t<\/div>\n\t\t<div class=\"elementor-element elementor-element-77efb21d e-con-full e-flex e-con e-child\" data-id=\"77efb21d\" data-element_type=\"container\" data-e-type=\"container\">\n\t\t\t\t<div class=\"elementor-element elementor-element-157834b4 elementor-widget elementor-widget-text-editor\" data-id=\"157834b4\" data-element_type=\"widget\" data-e-type=\"widget\" data-widget_type=\"text-editor.default\">\n\t\t\t\t\t\t\t\t\t<pre>Financiado por la Uni\u00f3n Europea<br \/>NextGenerationEU<\/pre>\t\t\t\t\t\t\t\t<\/div>\n\t\t\t\t<\/div>\n\t\t<div class=\"elementor-element elementor-element-6c69d1f5 e-con-full e-flex e-con e-child\" data-id=\"6c69d1f5\" data-element_type=\"container\" data-e-type=\"container\">\n\t\t\t\t<div class=\"elementor-element elementor-element-7e342a17 elementor-widget elementor-widget-image\" data-id=\"7e342a17\" data-element_type=\"widget\" data-e-type=\"widget\" data-widget_type=\"image.default\">\n\t\t\t\t\t\t\t\t\t\t\t\t\t\t\t<img fetchpriority=\"high\" decoding=\"async\" width=\"1024\" height=\"228\" src=\"https:\/\/mobility.1millionbot.com\/wp-content\/uploads\/2024\/12\/EN_FundedbytheEU_RGB_POS-1024x228.png\" class=\"attachment-large size-large wp-image-162\" alt=\"\" srcset=\"https:\/\/mobility.1millionbot.com\/wp-content\/uploads\/2024\/12\/EN_FundedbytheEU_RGB_POS-1024x228.png 1024w, https:\/\/mobility.1millionbot.com\/wp-content\/uploads\/2024\/12\/EN_FundedbytheEU_RGB_POS-300x67.png 300w, https:\/\/mobility.1millionbot.com\/wp-content\/uploads\/2024\/12\/EN_FundedbytheEU_RGB_POS-768x171.png 768w, https:\/\/mobility.1millionbot.com\/wp-content\/uploads\/2024\/12\/EN_FundedbytheEU_RGB_POS-1536x342.png 1536w, https:\/\/mobility.1millionbot.com\/wp-content\/uploads\/2024\/12\/EN_FundedbytheEU_RGB_POS-2048x456.png 2048w\" sizes=\"(max-width: 1024px) 100vw, 1024px\" \/>\t\t\t\t\t\t\t\t\t\t\t\t\t\t\t<\/div>\n\t\t\t\t<\/div>\n\t\t\t\t\t<\/div>\n\t\t\t\t<\/div>\n\t\t<div class=\"elementor-element elementor-element-2de9c224 e-flex e-con-boxed e-con e-parent\" data-id=\"2de9c224\" data-element_type=\"container\" data-e-type=\"container\" data-settings=\"{&quot;background_background&quot;:&quot;classic&quot;}\">\n\t\t\t\t\t<div class=\"e-con-inner\">\n\t\t\t\t<div class=\"elementor-element elementor-element-3166a681 elementor-widget elementor-widget-heading\" data-id=\"3166a681\" data-element_type=\"widget\" data-e-type=\"widget\" data-widget_type=\"heading.default\">\n\t\t\t\t\t<h1 class=\"elementor-heading-title elementor-size-default\">Nuestro equipo de trabajo<\/h1>\t\t\t\t<\/div>\n\t\t\t\t\t<\/div>\n\t\t\t\t<\/div>\n\t\t<div class=\"elementor-element elementor-element-f5a7af8 e-flex e-con-boxed e-con e-parent\" data-id=\"f5a7af8\" data-element_type=\"container\" data-e-type=\"container\">\n\t\t\t\t\t<div class=\"e-con-inner\">\n\t\t<div class=\"elementor-element elementor-element-fb7bee2 e-con-full e-flex e-con e-child\" data-id=\"fb7bee2\" data-element_type=\"container\" data-e-type=\"container\">\n\t\t\t\t<div class=\"elementor-element elementor-element-95cab0d elementor-widget elementor-widget-image\" data-id=\"95cab0d\" data-element_type=\"widget\" data-e-type=\"widget\" data-widget_type=\"image.default\">\n\t\t\t\t\t\t\t\t\t\t\t\t\t\t\t<img decoding=\"async\" width=\"300\" height=\"300\" src=\"https:\/\/mobility.1millionbot.com\/wp-content\/uploads\/2026\/01\/constanza-casquet-300x300.jpeg\" class=\"attachment-medium size-medium wp-image-691\" alt=\"\" srcset=\"https:\/\/mobility.1millionbot.com\/wp-content\/uploads\/2026\/01\/constanza-casquet-300x300.jpeg 300w, https:\/\/mobility.1millionbot.com\/wp-content\/uploads\/2026\/01\/constanza-casquet-150x150.jpeg 150w, https:\/\/mobility.1millionbot.com\/wp-content\/uploads\/2026\/01\/constanza-casquet.jpeg 553w\" sizes=\"(max-width: 300px) 100vw, 300px\" \/>\t\t\t\t\t\t\t\t\t\t\t\t\t\t\t<\/div>\n\t\t\t\t<div class=\"elementor-element elementor-element-210bf7a elementor-widget elementor-widget-text-editor\" data-id=\"210bf7a\" data-element_type=\"widget\" data-e-type=\"widget\" data-widget_type=\"text-editor.default\">\n\t\t\t\t\t\t\t\t\t<p><strong>Constanza Casquet<\/strong><\/p><p>Full Stack<\/p>\t\t\t\t\t\t\t\t<\/div>\n\t\t\t\t<\/div>\n\t\t<div class=\"elementor-element elementor-element-c1750c2 e-con-full e-flex e-con e-child\" data-id=\"c1750c2\" data-element_type=\"container\" data-e-type=\"container\">\n\t\t\t\t<div class=\"elementor-element elementor-element-fb2700d elementor-widget elementor-widget-image\" data-id=\"fb2700d\" data-element_type=\"widget\" data-e-type=\"widget\" data-widget_type=\"image.default\">\n\t\t\t\t\t\t\t\t\t\t\t\t\t\t\t<img decoding=\"async\" width=\"300\" height=\"300\" src=\"https:\/\/mobility.1millionbot.com\/wp-content\/uploads\/2026\/01\/mariano-lopez-300x300.jpeg\" class=\"attachment-medium size-medium wp-image-686\" alt=\"\" srcset=\"https:\/\/mobility.1millionbot.com\/wp-content\/uploads\/2026\/01\/mariano-lopez-300x300.jpeg 300w, https:\/\/mobility.1millionbot.com\/wp-content\/uploads\/2026\/01\/mariano-lopez-150x150.jpeg 150w, https:\/\/mobility.1millionbot.com\/wp-content\/uploads\/2026\/01\/mariano-lopez.jpeg 400w\" sizes=\"(max-width: 300px) 100vw, 300px\" \/>\t\t\t\t\t\t\t\t\t\t\t\t\t\t\t<\/div>\n\t\t\t\t<div class=\"elementor-element elementor-element-9203248 elementor-widget elementor-widget-text-editor\" data-id=\"9203248\" data-element_type=\"widget\" data-e-type=\"widget\" data-widget_type=\"text-editor.default\">\n\t\t\t\t\t\t\t\t\t<p><strong>Mariano L\u00f3pez Escudero<\/strong><\/p><p><span style=\"font-style: inherit; font-weight: inherit;\">Data Analytics | AI Specialist<\/span><\/p>\t\t\t\t\t\t\t\t<\/div>\n\t\t\t\t<\/div>\n\t\t<div class=\"elementor-element elementor-element-db0da68 e-con-full e-flex e-con e-child\" data-id=\"db0da68\" data-element_type=\"container\" data-e-type=\"container\">\n\t\t\t\t<div class=\"elementor-element elementor-element-d5d71c3 elementor-widget elementor-widget-image\" data-id=\"d5d71c3\" data-element_type=\"widget\" data-e-type=\"widget\" data-widget_type=\"image.default\">\n\t\t\t\t\t\t\t\t\t\t\t\t\t\t\t<img loading=\"lazy\" decoding=\"async\" width=\"300\" height=\"300\" src=\"https:\/\/mobility.1millionbot.com\/wp-content\/uploads\/2026\/01\/faus-300x300.jpeg\" class=\"attachment-medium size-medium wp-image-690\" alt=\"\" srcset=\"https:\/\/mobility.1millionbot.com\/wp-content\/uploads\/2026\/01\/faus-300x300.jpeg 300w, https:\/\/mobility.1millionbot.com\/wp-content\/uploads\/2026\/01\/faus-150x150.jpeg 150w, https:\/\/mobility.1millionbot.com\/wp-content\/uploads\/2026\/01\/faus.jpeg 400w\" sizes=\"(max-width: 300px) 100vw, 300px\" \/>\t\t\t\t\t\t\t\t\t\t\t\t\t\t\t<\/div>\n\t\t\t\t<div class=\"elementor-element elementor-element-0014e06 elementor-widget elementor-widget-text-editor\" data-id=\"0014e06\" data-element_type=\"widget\" data-e-type=\"widget\" data-widget_type=\"text-editor.default\">\n\t\t\t\t\t\t\t\t\t<p><strong>Gonzalo Faus<\/strong><\/p><p>Software Engineer<\/p>\t\t\t\t\t\t\t\t<\/div>\n\t\t\t\t<\/div>\n\t\t<div class=\"elementor-element elementor-element-2972671 e-con-full e-flex e-con e-child\" data-id=\"2972671\" data-element_type=\"container\" data-e-type=\"container\">\n\t\t\t\t<div class=\"elementor-element elementor-element-4fe466a elementor-widget elementor-widget-image\" data-id=\"4fe466a\" data-element_type=\"widget\" data-e-type=\"widget\" data-widget_type=\"image.default\">\n\t\t\t\t\t\t\t\t\t\t\t\t\t\t\t<img loading=\"lazy\" decoding=\"async\" width=\"200\" height=\"200\" src=\"https:\/\/mobility.1millionbot.com\/wp-content\/uploads\/2026\/01\/Albeto-Pinol.jpg\" class=\"attachment-medium size-medium wp-image-689\" alt=\"\" srcset=\"https:\/\/mobility.1millionbot.com\/wp-content\/uploads\/2026\/01\/Albeto-Pinol.jpg 200w, https:\/\/mobility.1millionbot.com\/wp-content\/uploads\/2026\/01\/Albeto-Pinol-150x150.jpg 150w\" sizes=\"(max-width: 200px) 100vw, 200px\" \/>\t\t\t\t\t\t\t\t\t\t\t\t\t\t\t<\/div>\n\t\t\t\t<div class=\"elementor-element elementor-element-7543c0a elementor-widget elementor-widget-text-editor\" data-id=\"7543c0a\" data-element_type=\"widget\" data-e-type=\"widget\" data-widget_type=\"text-editor.default\">\n\t\t\t\t\t\t\t\t\t<p><strong>Alberto Pi\u00f1ol<\/strong><\/p><p>Backend Developer<\/p>\t\t\t\t\t\t\t\t<\/div>\n\t\t\t\t<\/div>\n\t\t<div class=\"elementor-element elementor-element-54e3f3a e-con-full e-flex e-con e-child\" data-id=\"54e3f3a\" data-element_type=\"container\" data-e-type=\"container\">\n\t\t\t\t<div class=\"elementor-element elementor-element-c714211 elementor-widget elementor-widget-image\" data-id=\"c714211\" data-element_type=\"widget\" data-e-type=\"widget\" data-widget_type=\"image.default\">\n\t\t\t\t\t\t\t\t\t\t\t\t\t\t\t<img loading=\"lazy\" decoding=\"async\" width=\"300\" height=\"300\" src=\"https:\/\/mobility.1millionbot.com\/wp-content\/uploads\/2026\/01\/maria-garcia-300x300.jpeg\" class=\"attachment-medium size-medium wp-image-688\" alt=\"\" srcset=\"https:\/\/mobility.1millionbot.com\/wp-content\/uploads\/2026\/01\/maria-garcia-300x300.jpeg 300w, https:\/\/mobility.1millionbot.com\/wp-content\/uploads\/2026\/01\/maria-garcia-150x150.jpeg 150w, https:\/\/mobility.1millionbot.com\/wp-content\/uploads\/2026\/01\/maria-garcia.jpeg 357w\" sizes=\"(max-width: 300px) 100vw, 300px\" \/>\t\t\t\t\t\t\t\t\t\t\t\t\t\t\t<\/div>\n\t\t\t\t<div class=\"elementor-element elementor-element-f30cfe5 elementor-widget elementor-widget-text-editor\" data-id=\"f30cfe5\" data-element_type=\"widget\" data-e-type=\"widget\" data-widget_type=\"text-editor.default\">\n\t\t\t\t\t\t\t\t\t<p><strong>Mar\u00eda Garc\u00eda<\/strong><\/p><p>Directora Financiera &amp; RRHH<\/p>\t\t\t\t\t\t\t\t<\/div>\n\t\t\t\t<\/div>\n\t\t<div class=\"elementor-element elementor-element-f18cfcc e-con-full e-flex e-con e-child\" data-id=\"f18cfcc\" data-element_type=\"container\" data-e-type=\"container\">\n\t\t\t\t<div class=\"elementor-element elementor-element-1f640e3 elementor-widget elementor-widget-image\" data-id=\"1f640e3\" data-element_type=\"widget\" data-e-type=\"widget\" data-widget_type=\"image.default\">\n\t\t\t\t\t\t\t\t\t\t\t\t\t\t\t<img loading=\"lazy\" decoding=\"async\" width=\"300\" height=\"300\" src=\"https:\/\/mobility.1millionbot.com\/wp-content\/uploads\/2026\/01\/Captura-de-pantalla-2023-07-31-a-las-16.20.11-300x300.png\" class=\"attachment-medium size-medium wp-image-687\" alt=\"\" srcset=\"https:\/\/mobility.1millionbot.com\/wp-content\/uploads\/2026\/01\/Captura-de-pantalla-2023-07-31-a-las-16.20.11-300x300.png 300w, https:\/\/mobility.1millionbot.com\/wp-content\/uploads\/2026\/01\/Captura-de-pantalla-2023-07-31-a-las-16.20.11-150x150.png 150w, https:\/\/mobility.1millionbot.com\/wp-content\/uploads\/2026\/01\/Captura-de-pantalla-2023-07-31-a-las-16.20.11.png 486w\" sizes=\"(max-width: 300px) 100vw, 300px\" \/>\t\t\t\t\t\t\t\t\t\t\t\t\t\t\t<\/div>\n\t\t\t\t<div class=\"elementor-element elementor-element-ed96a8d elementor-widget elementor-widget-text-editor\" data-id=\"ed96a8d\" data-element_type=\"widget\" data-e-type=\"widget\" data-widget_type=\"text-editor.default\">\n\t\t\t\t\t\t\t\t\t<p><strong>\u00c1ngel Moran<\/strong><\/p>\n<p>IT | Coordinaci\u00f3n<\/p>\t\t\t\t\t\t\t\t<\/div>\n\t\t\t\t<\/div>\n\t\t\t\t\t<\/div>\n\t\t\t\t<\/div>\n\t\t<div class=\"elementor-element elementor-element-ee6f503 e-flex e-con-boxed e-con e-parent\" data-id=\"ee6f503\" data-element_type=\"container\" data-e-type=\"container\">\n\t\t\t\t\t<div class=\"e-con-inner\">\n\t\t\t\t<div class=\"elementor-element elementor-element-62b29f8 elementor-widget elementor-widget-image\" data-id=\"62b29f8\" data-element_type=\"widget\" data-e-type=\"widget\" data-widget_type=\"image.default\">\n\t\t\t\t\t\t\t\t\t\t\t\t\t\t\t<img loading=\"lazy\" decoding=\"async\" width=\"686\" height=\"69\" src=\"https:\/\/mobility.1millionbot.com\/wp-content\/uploads\/2026\/01\/image.png\" class=\"attachment-large size-large wp-image-733\" alt=\"\" srcset=\"https:\/\/mobility.1millionbot.com\/wp-content\/uploads\/2026\/01\/image.png 686w, https:\/\/mobility.1millionbot.com\/wp-content\/uploads\/2026\/01\/image-300x30.png 300w\" sizes=\"(max-width: 686px) 100vw, 686px\" \/>\t\t\t\t\t\t\t\t\t\t\t\t\t\t\t<\/div>\n\t\t\t\t\t<\/div>\n\t\t\t\t<\/div>\n\t\t<div class=\"elementor-element elementor-element-4d9fc220 e-flex e-con-boxed e-con e-parent\" data-id=\"4d9fc220\" data-element_type=\"container\" data-e-type=\"container\" data-settings=\"{&quot;background_background&quot;:&quot;classic&quot;,&quot;shape_divider_top&quot;:&quot;curve&quot;}\">\n\t\t\t\t\t<div class=\"e-con-inner\">\n\t\t\t\t<div class=\"elementor-shape elementor-shape-top\" aria-hidden=\"true\" data-negative=\"false\">\n\t\t\t<svg xmlns=\"http:\/\/www.w3.org\/2000\/svg\" viewBox=\"0 0 1000 100\" preserveAspectRatio=\"none\">\n    <path class=\"elementor-shape-fill\" d=\"M1000,4.3V0H0v4.3C0.9,23.1,126.7,99.2,500,100S1000,22.7,1000,4.3z\"\/>\n<\/svg>\t\t<\/div>\n\t\t<div class=\"elementor-element elementor-element-f34a51a e-con-full e-flex e-con e-child\" data-id=\"f34a51a\" data-element_type=\"container\" data-e-type=\"container\">\n\t\t\t\t<div class=\"elementor-element elementor-element-15718773 elementor-widget__width-initial elementor-widget elementor-widget-image\" data-id=\"15718773\" data-element_type=\"widget\" data-e-type=\"widget\" data-widget_type=\"image.default\">\n\t\t\t\t\t\t\t\t\t\t\t\t\t\t\t<img loading=\"lazy\" decoding=\"async\" width=\"300\" height=\"91\" src=\"https:\/\/mobility.1millionbot.com\/wp-content\/uploads\/2026\/01\/1MB_logo_b-300x91.png\" class=\"attachment-medium size-medium wp-image-695\" alt=\"\" srcset=\"https:\/\/mobility.1millionbot.com\/wp-content\/uploads\/2026\/01\/1MB_logo_b-300x91.png 300w, https:\/\/mobility.1millionbot.com\/wp-content\/uploads\/2026\/01\/1MB_logo_b.png 655w\" sizes=\"(max-width: 300px) 100vw, 300px\" \/>\t\t\t\t\t\t\t\t\t\t\t\t\t\t\t<\/div>\n\t\t\t\t<\/div>\n\t\t<div class=\"elementor-element elementor-element-17343fd5 e-con-full e-flex e-con e-child\" data-id=\"17343fd5\" data-element_type=\"container\" data-e-type=\"container\">\n\t\t\t\t<div class=\"elementor-element elementor-element-532eaf45 elementor-widget elementor-widget-text-editor\" data-id=\"532eaf45\" data-element_type=\"widget\" data-e-type=\"widget\" data-widget_type=\"text-editor.default\">\n\t\t\t\t\t\t\t\t\t<p><b>1MillionBot<\/b><\/p><p>En 1MillionBot, transformamos datos en conocimiento para potenciar la toma de decisiones estrat\u00e9gicas. Somos un equipo especializado en Inteligencia Artificial, Big Data y An\u00e1lisis Predictivo, comprometido en llevar a las empresas al siguiente nivel mediante soluciones tecnol\u00f3gicas avanzadas.<\/p>\t\t\t\t\t\t\t\t<\/div>\n\t\t\t\t<div class=\"elementor-element elementor-element-5b4b541e elementor-mobile-align-center elementor-widget elementor-widget-button\" data-id=\"5b4b541e\" data-element_type=\"widget\" data-e-type=\"widget\" data-widget_type=\"button.default\">\n\t\t\t\t\t\t\t\t\t\t<a class=\"elementor-button elementor-button-link elementor-size-sm\" href=\"https:\/\/1millionbot.com\/\">\n\t\t\t\t\t\t<span class=\"elementor-button-content-wrapper\">\n\t\t\t\t\t\t\t\t\t<span class=\"elementor-button-text\">\u00a1Visita nuestra p\u00e1gina web!<\/span>\n\t\t\t\t\t<\/span>\n\t\t\t\t\t<\/a>\n\t\t\t\t\t\t\t\t<\/div>\n\t\t\t\t<\/div>\n\t\t\t\t\t<\/div>\n\t\t\t\t<\/div>\n\t\t<div class=\"elementor-element elementor-element-cf4336b e-flex e-con-boxed e-con e-parent\" data-id=\"cf4336b\" data-element_type=\"container\" data-e-type=\"container\" data-settings=\"{&quot;background_background&quot;:&quot;classic&quot;}\">\n\t\t\t\t\t<div class=\"e-con-inner\">\n\t\t<div class=\"elementor-element elementor-element-bf07cc8 e-con-full e-flex e-con e-child\" data-id=\"bf07cc8\" data-element_type=\"container\" data-e-type=\"container\" data-settings=\"{&quot;background_background&quot;:&quot;classic&quot;}\">\n\t\t\t\t<div class=\"elementor-element elementor-element-cad8bd7 elementor-widget elementor-widget-text-editor\" data-id=\"cad8bd7\" data-element_type=\"widget\" data-e-type=\"widget\" data-widget_type=\"text-editor.default\">\n\t\t\t\t\t\t\t\t\t<p><strong>Contacta con nosotros<\/strong><\/p>\t\t\t\t\t\t\t\t<\/div>\n\t\t\t\t<div class=\"elementor-element elementor-element-d4f3274 elementor-widget elementor-widget-text-editor\" data-id=\"d4f3274\" data-element_type=\"widget\" data-e-type=\"widget\" data-widget_type=\"text-editor.default\">\n\t\t\t\t\t\t\t\t\t<h5><span style=\"color: #9ade888;\"><strong>Ubicaci\u00f3n<\/strong><\/span><\/h5>\n<p><strong>Av. Pintor Perez Gil, 16<\/strong><br><strong>03540 Alacant, Alicante<\/strong><\/p>\n<h5><span style=\"color: #9ade888;\"><strong>Contacto<\/strong><\/span><\/h5>\n<p><strong>+34 623 02 57 67<\/strong><br><strong>info@1millionbot.com<\/strong><\/p>\t\t\t\t\t\t\t\t<\/div>\n\t\t\t\t<div class=\"elementor-element elementor-element-802f273 elementor-align-center elementor-widget elementor-widget-button\" data-id=\"802f273\" data-element_type=\"widget\" data-e-type=\"widget\" data-widget_type=\"button.default\">\n\t\t\t\t\t\t\t\t\t\t<a class=\"elementor-button elementor-button-link elementor-size-sm\" href=\"https:\/\/1millionbot.com\/contacto\/\">\n\t\t\t\t\t\t<span class=\"elementor-button-content-wrapper\">\n\t\t\t\t\t\t<span class=\"elementor-button-icon\">\n\t\t\t\t<svg aria-hidden=\"true\" class=\"e-font-icon-svg e-far-eye\" viewBox=\"0 0 576 512\" xmlns=\"http:\/\/www.w3.org\/2000\/svg\"><path d=\"M288 144a110.94 110.94 0 0 0-31.24 5 55.4 55.4 0 0 1 7.24 27 56 56 0 0 1-56 56 55.4 55.4 0 0 1-27-7.24A111.71 111.71 0 1 0 288 144zm284.52 97.4C518.29 135.59 410.93 64 288 64S57.68 135.64 3.48 241.41a32.35 32.35 0 0 0 0 29.19C57.71 376.41 165.07 448 288 448s230.32-71.64 284.52-177.41a32.35 32.35 0 0 0 0-29.19zM288 400c-98.65 0-189.09-55-237.93-144C98.91 167 189.34 112 288 112s189.09 55 237.93 144C477.1 345 386.66 400 288 400z\"><\/path><\/svg>\t\t\t<\/span>\n\t\t\t\t\t\t\t\t\t<span class=\"elementor-button-text\">1MillionBot<\/span>\n\t\t\t\t\t<\/span>\n\t\t\t\t\t<\/a>\n\t\t\t\t\t\t\t\t<\/div>\n\t\t\t\t<\/div>\n\t\t\t\t\t<\/div>\n\t\t\t\t<\/div>\n\t\t<div class=\"elementor-element elementor-element-57141db8 e-con-full e-flex e-con e-parent\" data-id=\"57141db8\" data-element_type=\"container\" data-e-type=\"container\">\n\t\t\t\t<div class=\"elementor-element elementor-element-46e8f974 elementor-widget elementor-widget-html\" data-id=\"46e8f974\" data-element_type=\"widget\" data-e-type=\"widget\" data-widget_type=\"html.default\">\n\t\t\t\t\t<iframe src=\"https:\/\/www.google.com\/maps\/embed?pb=!1m18!1m12!1m3!1d3127.428570829036!2d-0.4340058227798299!3d38.38533867675323!2m3!1f0!2f0!3f0!3m2!1i1024!2i768!4f13.1!3m3!1m2!1s0xd6239baaf9c7ef3%3A0xf21c3682d83e77fb!2s1MillionBot%20%7C%20Inteligencia%20Artificial!5e0!3m2!1ses!2ses!4v1768410642655!5m2!1ses!2ses\" width=\"600\" height=\"450\" style=\"border:0;\" allowfullscreen=\"\" loading=\"lazy\" referrerpolicy=\"no-referrer-when-downgrade\"><\/iframe>\t\t\t\t<\/div>\n\t\t\t\t<\/div>\n\t\t\t\t<\/div>\n\t\t","protected":false},"excerpt":{"rendered":"<p>Financiado por la Uni\u00f3n EuropeaNextGenerationEU Nuestro equipo de trabajo Constanza Casquet Full Stack Mariano L\u00f3pez Escudero Data Analytics | AI [&hellip;]<\/p>\n","protected":false},"author":2,"featured_media":0,"parent":0,"menu_order":0,"comment_status":"closed","ping_status":"closed","template":"elementor_header_footer","meta":{"site-sidebar-layout":"default","site-content-layout":"","ast-site-content-layout":"default","site-content-style":"default","site-sidebar-style":"default","ast-global-header-display":"","ast-banner-title-visibility":"","ast-main-header-display":"","ast-hfb-above-header-display":"","ast-hfb-below-header-display":"","ast-hfb-mobile-header-display":"","site-post-title":"","ast-breadcrumbs-content":"","ast-featured-img":"","footer-sml-layout":"","ast-disable-related-posts":"","theme-transparent-header-meta":"","adv-header-id-meta":"","stick-header-meta":"","header-above-stick-meta":"","header-main-stick-meta":"","header-below-stick-meta":"","astra-migrate-meta-layouts":"default","ast-page-background-enabled":"default","ast-page-background-meta":{"desktop":{"background-color":"var(--ast-global-color-5)","background-image":"","background-repeat":"repeat","background-position":"center center","background-size":"auto","background-attachment":"scroll","background-type":"","background-media":"","overlay-type":"","overlay-color":"","overlay-opacity":"","overlay-gradient":""},"tablet":{"background-color":"","background-image":"","background-repeat":"repeat","background-position":"center center","background-size":"auto","background-attachment":"scroll","background-type":"","background-media":"","overlay-type":"","overlay-color":"","overlay-opacity":"","overlay-gradient":""},"mobile":{"background-color":"","background-image":"","background-repeat":"repeat","background-position":"center center","background-size":"auto","background-attachment":"scroll","background-type":"","background-media":"","overlay-type":"","overlay-color":"","overlay-opacity":"","overlay-gradient":""}},"ast-content-background-meta":{"desktop":{"background-color":"var(--ast-global-color-4)","background-image":"","background-repeat":"repeat","background-position":"center center","background-size":"auto","background-attachment":"scroll","background-type":"","background-media":"","overlay-type":"","overlay-color":"","overlay-opacity":"","overlay-gradient":""},"tablet":{"background-color":"var(--ast-global-color-4)","background-image":"","background-repeat":"repeat","background-position":"center center","background-size":"auto","background-attachment":"scroll","background-type":"","background-media":"","overlay-type":"","overlay-color":"","overlay-opacity":"","overlay-gradient":""},"mobile":{"background-color":"var(--ast-global-color-4)","background-image":"","background-repeat":"repeat","background-position":"center center","background-size":"auto","background-attachment":"scroll","background-type":"","background-media":"","overlay-type":"","overlay-color":"","overlay-opacity":"","overlay-gradient":""}},"footnotes":""},"class_list":["post-11","page","type-page","status-publish","hentry"],"_links":{"self":[{"href":"https:\/\/mobility.1millionbot.com\/index.php?rest_route=\/wp\/v2\/pages\/11","targetHints":{"allow":["GET"]}}],"collection":[{"href":"https:\/\/mobility.1millionbot.com\/index.php?rest_route=\/wp\/v2\/pages"}],"about":[{"href":"https:\/\/mobility.1millionbot.com\/index.php?rest_route=\/wp\/v2\/types\/page"}],"author":[{"embeddable":true,"href":"https:\/\/mobility.1millionbot.com\/index.php?rest_route=\/wp\/v2\/users\/2"}],"replies":[{"embeddable":true,"href":"https:\/\/mobility.1millionbot.com\/index.php?rest_route=%2Fwp%2Fv2%2Fcomments&post=11"}],"version-history":[{"count":54,"href":"https:\/\/mobility.1millionbot.com\/index.php?rest_route=\/wp\/v2\/pages\/11\/revisions"}],"predecessor-version":[{"id":742,"href":"https:\/\/mobility.1millionbot.com\/index.php?rest_route=\/wp\/v2\/pages\/11\/revisions\/742"}],"wp:attachment":[{"href":"https:\/\/mobility.1millionbot.com\/index.php?rest_route=%2Fwp%2Fv2%2Fmedia&parent=11"}],"curies":[{"name":"wp","href":"https:\/\/api.w.org\/{rel}","templated":true}]}}